{"id":11,"date":"2024-12-25T10:47:32","date_gmt":"2024-12-25T10:47:32","guid":{"rendered":"http:\/\/gamuga.cz\/?page_id=11"},"modified":"2024-12-25T23:05:17","modified_gmt":"2024-12-25T23:05:17","slug":"o-nas","status":"publish","type":"page","link":"https:\/\/gamuga.cz\/?page_id=11","title":{"rendered":"O n\u00e1s"},"content":{"rendered":"\n<div class=\"wp-block-group alignfull has-global-padding is-layout-constrained wp-container-core-group-is-layout-0c9c989a wp-block-group-is-layout-constrained\" style=\"min-height:0vh;margin-top:0;margin-bottom:0;padding-top:var(--wp--preset--spacing--70);padding-right:var(--wp--preset--spacing--40);padding-bottom:var(--wp--preset--spacing--70);padding-left:var(--wp--preset--spacing--40)\">\n<div class=\"wp-block-group has-global-padding is-layout-constrained wp-container-core-group-is-layout-346627ba wp-block-group-is-layout-constrained\">\n<h2 class=\"wp-block-heading has-text-align-center has-xx-large-font-size\" style=\"margin-right:0;margin-left:0;padding-right:0;padding-left:0\">GaMuGa<\/h2>\n\n\n\n<p class=\"has-text-align-center\">firma se specializac\u00ed na v\u00fdvoj zdravotnick\u00e9ho software<\/p>\n\n\n\n<p><strong><br>S\u00eddlo: Van\u00ed\u010dkova 705\/50, Hodolany, 77900 Olomouc<\/strong><\/p>\n\n\n\n<p>IT kontakt: <strong>777 198 620<\/strong><\/p>\n<\/div>\n<\/div>\n","protected":false},"excerpt":{"rendered":"<p>GaMuGa firma se specializac\u00ed na v\u00fdvoj zdravotnick\u00e9ho software S\u00eddlo: Van\u00ed\u010dkova 705\/50, Hodolany, 77900 Olomouc IT kontakt: 777 198 620<\/p>\n","protected":false},"author":1,"featured_media":0,"parent":0,"menu_order":0,"comment_status":"closed","ping_status":"closed","template":"","meta":{"footnotes":""},"class_list":["post-11","page","type-page","status-publish","hentry"],"_links":{"self":[{"href":"https:\/\/gamuga.cz\/index.php?rest_route=\/wp\/v2\/pages\/11","targetHints":{"allow":["GET"]}}],"collection":[{"href":"https:\/\/gamuga.cz\/index.php?rest_route=\/wp\/v2\/pages"}],"about":[{"href":"https:\/\/gamuga.cz\/index.php?rest_route=\/wp\/v2\/types\/page"}],"author":[{"embeddable":true,"href":"https:\/\/gamuga.cz\/index.php?rest_route=\/wp\/v2\/users\/1"}],"replies":[{"embeddable":true,"href":"https:\/\/gamuga.cz\/index.php?rest_route=%2Fwp%2Fv2%2Fcomments&post=11"}],"version-history":[{"count":2,"href":"https:\/\/gamuga.cz\/index.php?rest_route=\/wp\/v2\/pages\/11\/revisions"}],"predecessor-version":[{"id":20,"href":"https:\/\/gamuga.cz\/index.php?rest_route=\/wp\/v2\/pages\/11\/revisions\/20"}],"wp:attachment":[{"href":"https:\/\/gamuga.cz\/index.php?rest_route=%2Fwp%2Fv2%2Fmedia&parent=11"}],"curies":[{"name":"wp","href":"https:\/\/api.w.org\/{rel}","templated":true}]}}